{"id":1128,"date":"2022-02-03T09:53:34","date_gmt":"2022-02-03T12:53:34","guid":{"rendered":"https:\/\/academia.aturin.com.br\/index.php\/events\/"},"modified":"2024-08-28T07:57:18","modified_gmt":"2024-08-28T10:57:18","slug":"eventos","status":"publish","type":"page","link":"https:\/\/academia.aturin.com.br\/index.php\/eventos\/","title":{"rendered":"Eventos"},"content":{"rendered":"\t\t<div data-elementor-type=\"wp-page\" data-elementor-id=\"1128\" class=\"elementor elementor-1128\">\n\t\t\t\t\t\t<section class=\"elementor-section elementor-top-section elementor-element elementor-element-d7ffb6e elementor-section-full_width elementor-section-height-default elementor-section-height-default\" data-id=\"d7ffb6e\" data-element_type=\"section\" data-settings=\"{&quot;background_background&quot;:&quot;classic&quot;}\">\n\t\t\t\t\t\t<div class=\"elementor-container elementor-column-gap-default\">\n\t\t\t\t\t<div class=\"elementor-column elementor-col-100 elementor-top-column elementor-element elementor-element-a202718\" data-id=\"a202718\" data-element_type=\"column\">\n\t\t\t<div class=\"elementor-widget-wrap elementor-element-populated\">\n\t\t\t\t\t\t<section class=\"elementor-section elementor-inner-section elementor-element elementor-element-2c9136b elementor-section-boxed elementor-section-height-default elementor-section-height-default\" data-id=\"2c9136b\" data-element_type=\"section\">\n\t\t\t\t\t\t<div class=\"elementor-container elementor-column-gap-default\">\n\t\t\t\t\t<div class=\"elementor-column elementor-col-100 elementor-inner-column elementor-element elementor-element-db40aaa\" data-id=\"db40aaa\" data-element_type=\"column\">\n\t\t\t<div class=\"elementor-widget-wrap elementor-element-populated\">\n\t\t\t\t\t\t<div class=\"elementor-element elementor-element-be6fa29 elementor-widget elementor-widget-text-editor\" data-id=\"be6fa29\" data-element_type=\"widget\" data-widget_type=\"text-editor.default\">\n\t\t\t\t<div class=\"elementor-widget-container\">\n\t\t\t<style>\/*! elementor - v3.23.0 - 05-08-2024 *\/\n.elementor-widget-text-editor.elementor-drop-cap-view-stacked .elementor-drop-cap{background-color:#69727d;color:#fff}.elementor-widget-text-editor.elementor-drop-cap-view-framed .elementor-drop-cap{color:#69727d;border:3px solid;background-color:transparent}.elementor-widget-text-editor:not(.elementor-drop-cap-view-default) .elementor-drop-cap{margin-top:8px}.elementor-widget-text-editor:not(.elementor-drop-cap-view-default) .elementor-drop-cap-letter{width:1em;height:1em}.elementor-widget-text-editor .elementor-drop-cap{float:left;text-align:center;line-height:1;font-size:50px}.elementor-widget-text-editor .elementor-drop-cap-letter{display:inline-block}<\/style>\t\t\t\t<p>Nossos<\/p>\t\t\t\t\t\t<\/div>\n\t\t\t\t<\/div>\n\t\t\t\t<div class=\"elementor-element elementor-element-d1bc016 elementor-widget elementor-widget-heading\" data-id=\"d1bc016\" data-element_type=\"widget\" data-widget_type=\"heading.default\">\n\t\t\t\t<div class=\"elementor-widget-container\">\n\t\t\t<style>\/*! elementor - v3.23.0 - 05-08-2024 *\/\n.elementor-heading-title{padding:0;margin:0;line-height:1}.elementor-widget-heading .elementor-heading-title[class*=elementor-size-]>a{color:inherit;font-size:inherit;line-height:inherit}.elementor-widget-heading .elementor-heading-title.elementor-size-small{font-size:15px}.elementor-widget-heading .elementor-heading-title.elementor-size-medium{font-size:19px}.elementor-widget-heading .elementor-heading-title.elementor-size-large{font-size:29px}.elementor-widget-heading .elementor-heading-title.elementor-size-xl{font-size:39px}.elementor-widget-heading .elementor-heading-title.elementor-size-xxl{font-size:59px}<\/style><h1 class=\"elementor-heading-title elementor-size-default\">Eventos Globais<\/h1>\t\t<\/div>\n\t\t\t\t<\/div>\n\t\t\t\t\t<\/div>\n\t\t<\/div>\n\t\t\t\t\t<\/div>\n\t\t<\/section>\n\t\t\t\t\t<\/div>\n\t\t<\/div>\n\t\t\t\t\t<\/div>\n\t\t<\/section>\n\t\t\t\t<section class=\"elementor-section elementor-top-section elementor-element elementor-element-2333a59 elementor-section-boxed elementor-section-height-default elementor-section-height-default\" data-id=\"2333a59\" data-element_type=\"section\">\n\t\t\t\t\t\t<div class=\"elementor-container elementor-column-gap-default\">\n\t\t\t\t\t<div class=\"elementor-column elementor-col-100 elementor-top-column elementor-element elementor-element-16814ae\" data-id=\"16814ae\" data-element_type=\"column\">\n\t\t\t<div class=\"elementor-widget-wrap elementor-element-populated\">\n\t\t\t\t\t\t<section class=\"elementor-section elementor-inner-section elementor-element elementor-element-3b2e60f elementor-section-boxed elementor-section-height-default elementor-section-height-default\" data-id=\"3b2e60f\" data-element_type=\"section\">\n\t\t\t\t\t\t<div class=\"elementor-container elementor-column-gap-default\">\n\t\t\t\t\t<div class=\"elementor-column elementor-col-50 elementor-inner-column elementor-element elementor-element-fb3bf94\" data-id=\"fb3bf94\" data-element_type=\"column\" data-settings=\"{&quot;background_background&quot;:&quot;classic&quot;}\">\n\t\t\t<div class=\"elementor-widget-wrap elementor-element-populated\">\n\t\t\t\t\t\t<div class=\"elementor-element elementor-element-acfde8d elementor-widget elementor-widget-meafe-events\" data-id=\"acfde8d\" data-element_type=\"widget\" data-widget_type=\"meafe-events.default\">\n\t\t\t\t<div class=\"elementor-widget-container\">\n\t\t\t        <div class=\"meafe--event--main--wrapper layout-2\">\n                                            <div class=\"meafe--event--wrapper--details\">\n                    <div class=\"rishi--event--wrapper\">\n                                                    <div class=\"month--details\">\n                                <span class=\"date\">29<\/span>\n                                <span class=\"month\">Jul<\/span>\n                            <\/div>\n                                                <div class=\"meafe--event-details-main-wrapper\">                            <div class=\"meafe--event-title\">\n                                <h2 class=\"meafe--title\">In\u00edcio do semestre letivo<\/h2>\n                            <\/div>\n                                                                                    <div class=\"meafe--event--details\">\n                                                    <div class=\"meafe--event--time\">\n                                <span class=\"meafe--event--time-icon\">\n                                    <svg xmlns=\"http:\/\/www.w3.org\/2000\/svg\" width=\"16\" height=\"16\" viewBox=\"0 0 16 16\" fill=\"none\"><path d=\"M7.99998 14.6666C11.6819 14.6666 14.6666 11.6818 14.6666 7.99992C14.6666 4.31802 11.6819 1.33325 7.99998 1.33325C4.31808 1.33325 1.33331 4.31802 1.33331 7.99992C1.33331 11.6818 4.31808 14.6666 7.99998 14.6666Z\" stroke=\"#848F91\" stroke-width=\"2\" stroke-linecap=\"round\" stroke-linejoin=\"round\"><\/path><path d=\"M8 4V8L10.6667 9.33333\" stroke=\"#848F91\" stroke-width=\"2\" stroke-linecap=\"round\" stroke-linejoin=\"round\"><\/path><\/svg>                                    07:00  PM - 10:00  PM                                <\/span>\n                            <\/div>\n                                                                            <div class=\"meafe--event-place\">\n                                <svg xmlns=\"http:\/\/www.w3.org\/2000\/svg\" width=\"16\" height=\"16\" viewBox=\"0 0 16 16\" fill=\"none\"><g clip-path=\"url(#clip0_150_651)\"><path d=\"M14 6.66675C14 11.3334 8 15.3334 8 15.3334C8 15.3334 2 11.3334 2 6.66675C2 5.07545 2.63214 3.54933 3.75736 2.42411C4.88258 1.29889 6.4087 0.666748 8 0.666748C9.5913 0.666748 11.1174 1.29889 12.2426 2.42411C13.3679 3.54933 14 5.07545 14 6.66675Z\" stroke=\"#848F91\" stroke-width=\"2\" stroke-linecap=\"round\" stroke-linejoin=\"round\"><\/path><path d=\"M8 8.66675C9.10457 8.66675 10 7.77132 10 6.66675C10 5.56218 9.10457 4.66675 8 4.66675C6.89543 4.66675 6 5.56218 6 6.66675C6 7.77132 6.89543 8.66675 8 8.66675Z\" stroke=\"#848F91\" stroke-width=\"2\" stroke-linecap=\"round\" stroke-linejoin=\"round\"><\/path><\/g><defs><clipPath id=\"clip0_150_651\"><rect width=\"16\" height=\"16\" fill=\"white\"><\/rect><\/clipPath><\/defs><\/svg>                                <span>Audit\u00f3rio<\/span>\n                            <\/div>\n                                            <\/div>  \n                                        <\/div><\/div>                        <div class=\"meafe--event-content\">\n                            <p><span class=\"font13\">In\u00edcio das aulas - <\/span><span class=\"font27\">Presencial<\/span><span class=\"font13\"> [As dimens\u00f5es do t\u00e9cnico - <\/span><span class=\"font27\">PP<\/span><span class=\"font13\">]<\/span><\/p>\n<p>\u00a0<\/p>\n<p>\u00a0<\/p>\n                        <\/div>\n                                                        <\/div>\n                    <\/div>\n        \t\t<\/div>\n\t\t\t\t<\/div>\n\t\t\t\t\t<\/div>\n\t\t<\/div>\n\t\t\t\t<div class=\"elementor-column elementor-col-50 elementor-inner-column elementor-element elementor-element-236d6ae\" data-id=\"236d6ae\" data-element_type=\"column\" data-settings=\"{&quot;background_background&quot;:&quot;classic&quot;}\">\n\t\t\t<div class=\"elementor-widget-wrap elementor-element-populated\">\n\t\t\t\t\t\t<div class=\"elementor-element elementor-element-2d27154 elementor-widget elementor-widget-meafe-events\" data-id=\"2d27154\" data-element_type=\"widget\" data-widget_type=\"meafe-events.default\">\n\t\t\t\t<div class=\"elementor-widget-container\">\n\t\t\t        <div class=\"meafe--event--main--wrapper layout-1\">\n                                            <div class=\"meafe--event--wrapper--details\">\n                    <div class=\"rishi--event--wrapper\">\n                                                    <div class=\"month--details\">\n                                <span class=\"date\">30<\/span>\n                                <span class=\"month\">Jul<\/span>\n                            <\/div>\n                                                                            <div class=\"meafe--event-title\">\n                                <h2 class=\"meafe--title\">Checkpoint #1<\/h2>\n                            <\/div>\n                                            <\/div>                                        <div class=\"meafe--event--details\">\n                                                    <div class=\"meafe--event--time\">\n                                <span class=\"meafe--event--time-icon\">\n                                    <svg xmlns=\"http:\/\/www.w3.org\/2000\/svg\" width=\"16\" height=\"16\" viewBox=\"0 0 16 16\" fill=\"none\"><path d=\"M7.99998 14.6666C11.6819 14.6666 14.6666 11.6818 14.6666 7.99992C14.6666 4.31802 11.6819 1.33325 7.99998 1.33325C4.31808 1.33325 1.33331 4.31802 1.33331 7.99992C1.33331 11.6818 4.31808 14.6666 7.99998 14.6666Z\" stroke=\"#848F91\" stroke-width=\"2\" stroke-linecap=\"round\" stroke-linejoin=\"round\"><\/path><path d=\"M8 4V8L10.6667 9.33333\" stroke=\"#848F91\" stroke-width=\"2\" stroke-linecap=\"round\" stroke-linejoin=\"round\"><\/path><\/svg>                                    07:00  PM - 09:00  PM                                <\/span>\n                            <\/div>\n                                                                            <div class=\"meafe--event-place\">\n                                <svg xmlns=\"http:\/\/www.w3.org\/2000\/svg\" width=\"16\" height=\"16\" viewBox=\"0 0 16 16\" fill=\"none\"><g clip-path=\"url(#clip0_150_651)\"><path d=\"M14 6.66675C14 11.3334 8 15.3334 8 15.3334C8 15.3334 2 11.3334 2 6.66675C2 5.07545 2.63214 3.54933 3.75736 2.42411C4.88258 1.29889 6.4087 0.666748 8 0.666748C9.5913 0.666748 11.1174 1.29889 12.2426 2.42411C13.3679 3.54933 14 5.07545 14 6.66675Z\" stroke=\"#848F91\" stroke-width=\"2\" stroke-linecap=\"round\" stroke-linejoin=\"round\"><\/path><path d=\"M8 8.66675C9.10457 8.66675 10 7.77132 10 6.66675C10 5.56218 9.10457 4.66675 8 4.66675C6.89543 4.66675 6 5.56218 6 6.66675C6 7.77132 6.89543 8.66675 8 8.66675Z\" stroke=\"#848F91\" stroke-width=\"2\" stroke-linecap=\"round\" stroke-linejoin=\"round\"><\/path><\/g><defs><clipPath id=\"clip0_150_651\"><rect width=\"16\" height=\"16\" fill=\"white\"><\/rect><\/clipPath><\/defs><\/svg>                                <span>StreamYard<\/span>\n                            <\/div>\n                                            <\/div>  \n                                                                <div class=\"meafe--event-content\">\n                            <p>Aula s\u00edncrona sobre IAPT e Pensamento Computacional<\/p>\n                        <\/div>\n                                                        <\/div>\n                                            <div class=\"meafe--event--wrapper--details\">\n                    <div class=\"rishi--event--wrapper\">\n                                                    <div class=\"month--details\">\n                                <span class=\"date\">5<\/span>\n                                <span class=\"month\">Aug<\/span>\n                            <\/div>\n                                                                            <div class=\"meafe--event-title\">\n                                <h2 class=\"meafe--title\">Presencial Class #1<\/h2>\n                            <\/div>\n                                            <\/div>                                        <div class=\"meafe--event--details\">\n                                                    <div class=\"meafe--event--time\">\n                                <span class=\"meafe--event--time-icon\">\n                                                                        07:00  PM - 09:00  PM                                <\/span>\n                            <\/div>\n                                                                            <div class=\"meafe--event-place\">\n                                                                <span>Sir Isaac Newron<\/span>\n                            <\/div>\n                                            <\/div>  \n                                                                <div class=\"meafe--event-content\">\n                            <p>Presencial [Sistemas Operacionais do futuro - SO]<\/p>\n                        <\/div>\n                                                                <div class=\"meafe--event-button\">\n                            <a href=\"#\" class=\"event-btn\">Read More                            <\/a>\n                        <\/div>\n                                    <\/div>\n                                            <div class=\"meafe--event--wrapper--details\">\n                    <div class=\"rishi--event--wrapper\">\n                                                    <div class=\"month--details\">\n                                <span class=\"date\">12<\/span>\n                                <span class=\"month\">Aug<\/span>\n                            <\/div>\n                                                                            <div class=\"meafe--event-title\">\n                                <h2 class=\"meafe--title\">Presencial Class #2<\/h2>\n                            <\/div>\n                                            <\/div>                                        <div class=\"meafe--event--details\">\n                                                    <div class=\"meafe--event--time\">\n                                <span class=\"meafe--event--time-icon\">\n                                                                        07:00  PM - 09:00  PM                                <\/span>\n                            <\/div>\n                                                                            <div class=\"meafe--event-place\">\n                                                                <span>Sir Isaac Newton<\/span>\n                            <\/div>\n                                            <\/div>  \n                                                                <div class=\"meafe--event-content\">\n                            <p>Presencial [Impacto dos idiomas - IT]<\/p>\n                        <\/div>\n                                                                <div class=\"meafe--event-button\">\n                            <a href=\"#\" class=\"event-btn\">Read More                            <\/a>\n                        <\/div>\n                                    <\/div>\n                                            <div class=\"meafe--event--wrapper--details\">\n                    <div class=\"rishi--event--wrapper\">\n                                                    <div class=\"month--details\">\n                                <span class=\"date\">19<\/span>\n                                <span class=\"month\">Aug<\/span>\n                            <\/div>\n                                                                            <div class=\"meafe--event-title\">\n                                <h2 class=\"meafe--title\">Presencial Class #3<\/h2>\n                            <\/div>\n                                            <\/div>                                        <div class=\"meafe--event--details\">\n                                                    <div class=\"meafe--event--time\">\n                                <span class=\"meafe--event--time-icon\">\n                                                                        07:00  PM - 09:00  PM                                <\/span>\n                            <\/div>\n                                                                    <\/div>  \n                                                                <div class=\"meafe--event-content\">\n                            <p>Presencial [Pensamento Critico e Computacional - PC]<\/p>\n                        <\/div>\n                                                                <div class=\"meafe--event-button\">\n                            <a href=\"#\" class=\"event-btn\">Read More                            <\/a>\n                        <\/div>\n                                    <\/div>\n                    <\/div>\n        \t\t<\/div>\n\t\t\t\t<\/div>\n\t\t\t\t\t<\/div>\n\t\t<\/div>\n\t\t\t\t\t<\/div>\n\t\t<\/section>\n\t\t\t\t\t<\/div>\n\t\t<\/div>\n\t\t\t\t\t<\/div>\n\t\t<\/section>\n\t\t\t\t<\/div>\n\t\t","protected":false},"excerpt":{"rendered":"<p>Nossos Eventos Globais 29 Jul In\u00edcio do semestre letivo 07:00 PM &#8211; 10:00 PM Audit\u00f3rio In\u00edcio das aulas &#8211; Presencial [As dimens\u00f5es do t\u00e9cnico &#8211; PP] \u00a0 \u00a0 30 Jul [&hellip;]<\/p>\n","protected":false},"author":1,"featured_media":0,"parent":0,"menu_order":0,"comment_status":"closed","ping_status":"closed","template":"","meta":{"footnotes":""},"class_list":["post-1128","page","type-page","status-publish","hentry","rishi-post","no-post-thumbnail"],"rishi__cb_customizer_meta":{"page_title_panel":"","page_title_hero_section":"default","breadcrumbs_single_page":"no","single_page_alignment":"left","single_page_margin":{"desktop":50,"tablet":30,"mobile":30},"3511dd954e93a517bd02e5a971e373fc":"","page_structure_type":"default","b148602f139c7e4da5059ca2bb8484f4":"","content_style_source":"inherit","content_style":"box-layout","blog_page_streched_ed":"no","vertical_spacing_source":"custom","content_area_spacing":"none","single_page_content_background":{"background_type":"color","background_pattern":"type-1","background_image":{"attachment_id":null,"x":0,"y":0},"gradient":"linear-gradient(135deg,rgba(6,147,227,1) 0%,rgb(155,81,224) 100%)","background_repeat":"no-repeat","background_size":"auto","background_attachment":"scroll","patternColor":{"default":{"color":"#e5e7ea"}},"overlayColor":{"default":{"color":"CT_CSS_SKIP_RULE"}},"backgroundColor":{"default":{"color":"var(--paletteColor5)"}}},"single_page_content_boxed_shadow":{"inherit":false,"blur":18,"spread":-6,"v_offset":12,"h_offset":0,"inset":false,"enable":false,"color":{"color":"rgba(34, 56, 101, 0.04)"}},"single_page_boxed_content_spacing":{"top":"40px","bottom":"40px","left":"40px","right":"40px","linked":true},"single_page_content_boxed_radius":{"top":"3px","bottom":"3px","left":"3px","right":"3px","linked":true},"f3008be5f1f5d8373c40db3b3480d9ba":"","disable_featured_image":"no","disable_comments":"no","disable_header":"no","disable_footer":"no"},"_links":{"self":[{"href":"https:\/\/academia.aturin.com.br\/index.php\/wp-json\/wp\/v2\/pages\/1128","targetHints":{"allow":["GET"]}}],"collection":[{"href":"https:\/\/academia.aturin.com.br\/index.php\/wp-json\/wp\/v2\/pages"}],"about":[{"href":"https:\/\/academia.aturin.com.br\/index.php\/wp-json\/wp\/v2\/types\/page"}],"author":[{"embeddable":true,"href":"https:\/\/academia.aturin.com.br\/index.php\/wp-json\/wp\/v2\/users\/1"}],"replies":[{"embeddable":true,"href":"https:\/\/academia.aturin.com.br\/index.php\/wp-json\/wp\/v2\/comments?post=1128"}],"version-history":[{"count":18,"href":"https:\/\/academia.aturin.com.br\/index.php\/wp-json\/wp\/v2\/pages\/1128\/revisions"}],"predecessor-version":[{"id":2461,"href":"https:\/\/academia.aturin.com.br\/index.php\/wp-json\/wp\/v2\/pages\/1128\/revisions\/2461"}],"wp:attachment":[{"href":"https:\/\/academia.aturin.com.br\/index.php\/wp-json\/wp\/v2\/media?parent=1128"}],"curies":[{"name":"wp","href":"https:\/\/api.w.org\/{rel}","templated":true}]}}